{"id":2118,"date":"2023-04-23T17:27:52","date_gmt":"2023-04-23T15:27:52","guid":{"rendered":"https:\/\/restaurant-epicea.fr\/?page_id=2118"},"modified":"2025-11-18T20:20:48","modified_gmt":"2025-11-18T19:20:48","slug":"offrir","status":"publish","type":"page","link":"https:\/\/restaurant-epicea.fr\/index.php\/offrir\/","title":{"rendered":"Offrir"},"content":{"rendered":"\t\t<div data-elementor-type=\"wp-page\" data-elementor-id=\"2118\" class=\"elementor elementor-2118\">\n\t\t\t\t\t\t\t\t\t<section class=\"elementor-section elementor-top-section elementor-element elementor-element-5753986 elementor-section-full_width elementor-section-height-default elementor-section-height-default\" data-id=\"5753986\" data-element_type=\"section\">\n\t\t\t\t\t\t<div class=\"elementor-container elementor-column-gap-no\">\n\t\t\t\t\t<div class=\"elementor-column elementor-col-100 elementor-top-column elementor-element elementor-element-5394228\" data-id=\"5394228\" data-element_type=\"column\" data-settings=\"{&quot;background_background&quot;:&quot;classic&quot;}\">\n\t\t\t<div class=\"elementor-widget-wrap elementor-element-populated\">\n\t\t\t\t\t\t\t\t<div class=\"elementor-element elementor-element-8710470 animated-slow elementor-invisible elementor-widget elementor-widget-heading\" data-id=\"8710470\" data-element_type=\"widget\" data-settings=\"{&quot;_animation&quot;:&quot;slideInDown&quot;,&quot;_animation_mobile&quot;:&quot;none&quot;}\" data-widget_type=\"heading.default\">\n\t\t\t\t<div class=\"elementor-widget-container\">\n\t\t\t<style>\/*! elementor - v3.13.2 - 11-05-2023 *\/\n.elementor-heading-title{padding:0;margin:0;line-height:1}.elementor-widget-heading .elementor-heading-title[class*=elementor-size-]>a{color:inherit;font-size:inherit;line-height:inherit}.elementor-widget-heading .elementor-heading-title.elementor-size-small{font-size:15px}.elementor-widget-heading .elementor-heading-title.elementor-size-medium{font-size:19px}.elementor-widget-heading .elementor-heading-title.elementor-size-large{font-size:29px}.elementor-widget-heading .elementor-heading-title.elementor-size-xl{font-size:39px}.elementor-widget-heading .elementor-heading-title.elementor-size-xxl{font-size:59px}<\/style><h2 class=\"elementor-heading-title elementor-size-medium\">OFFRIR<\/h2>\t\t<\/div>\n\t\t\t\t<\/div>\n\t\t\t\t\t<\/div>\n\t\t<\/div>\n\t\t\t\t\t\t\t<\/div>\n\t\t<\/section>\n\t\t<div class=\"elementor-element elementor-element-5f460c6 e-con-full e-flex e-con\" data-id=\"5f460c6\" data-element_type=\"container\" data-settings=\"{&quot;content_width&quot;:&quot;full&quot;}\">\n\t\t\t\t<div class=\"elementor-element elementor-element-b87b903 elementor-widget elementor-widget-image\" data-id=\"b87b903\" data-element_type=\"widget\" data-widget_type=\"image.default\">\n\t\t\t\t<div class=\"elementor-widget-container\">\n\t\t\t<style>\/*! elementor - v3.13.2 - 11-05-2023 *\/\n.elementor-widget-image{text-align:center}.elementor-widget-image a{display:inline-block}.elementor-widget-image a img[src$=\".svg\"]{width:48px}.elementor-widget-image img{vertical-align:middle;display:inline-block}<\/style>\t\t\t\t\t\t\t\t\t\t\t\t<img loading=\"lazy\" decoding=\"async\" width=\"1024\" height=\"483\" src=\"https:\/\/i0.wp.com\/restaurant-epicea.fr\/wp-content\/uploads\/2023\/04\/Recto.png?fit=1024%2C483&amp;ssl=1\" class=\"attachment-large size-large wp-image-2119\" alt=\"Offrez une carte cadeau pour le restaurant gastronomique \u00c9pic\u00e9a \u00e0 Besan\u00e7on pour une d\u00e9couverte immersive avec un cuisine cr\u00e9ative autour de produits locaux et \u00e9coresponsables\" srcset=\"https:\/\/i0.wp.com\/restaurant-epicea.fr\/wp-content\/uploads\/2023\/04\/Recto.png?w=6250&amp;ssl=1 6250w, https:\/\/i0.wp.com\/restaurant-epicea.fr\/wp-content\/uploads\/2023\/04\/Recto.png?resize=300%2C141&amp;ssl=1 300w, https:\/\/i0.wp.com\/restaurant-epicea.fr\/wp-content\/uploads\/2023\/04\/Recto.png?resize=1024%2C483&amp;ssl=1 1024w, https:\/\/i0.wp.com\/restaurant-epicea.fr\/wp-content\/uploads\/2023\/04\/Recto.png?resize=768%2C362&amp;ssl=1 768w, https:\/\/i0.wp.com\/restaurant-epicea.fr\/wp-content\/uploads\/2023\/04\/Recto.png?resize=1536%2C724&amp;ssl=1 1536w, https:\/\/i0.wp.com\/restaurant-epicea.fr\/wp-content\/uploads\/2023\/04\/Recto.png?resize=2048%2C965&amp;ssl=1 2048w, https:\/\/i0.wp.com\/restaurant-epicea.fr\/wp-content\/uploads\/2023\/04\/Recto.png?w=2400&amp;ssl=1 2400w, https:\/\/i0.wp.com\/restaurant-epicea.fr\/wp-content\/uploads\/2023\/04\/Recto.png?w=3600&amp;ssl=1 3600w\" sizes=\"auto, (max-width: 1024px) 100vw, 1024px\" \/>\t\t\t\t\t\t\t\t\t\t\t\t\t\t\t<\/div>\n\t\t\t\t<\/div>\n\t\t\t\t<\/div>\n\t\t<div class=\"elementor-element elementor-element-ca811a6 e-con-full e-flex e-con\" data-id=\"ca811a6\" data-element_type=\"container\" data-settings=\"{&quot;content_width&quot;:&quot;full&quot;}\">\n\t\t<div class=\"elementor-element elementor-element-4864a57 e-con-full e-flex e-con\" data-id=\"4864a57\" data-element_type=\"container\" data-settings=\"{&quot;background_background&quot;:&quot;classic&quot;,&quot;content_width&quot;:&quot;full&quot;}\">\n\t\t\t\t<div class=\"elementor-element elementor-element-c5da6a8 animated-slow elementor-invisible elementor-widget elementor-widget-heading\" data-id=\"c5da6a8\" data-element_type=\"widget\" data-settings=\"{&quot;_animation&quot;:&quot;fadeInDown&quot;,&quot;_animation_delay&quot;:300,&quot;_animation_mobile&quot;:&quot;none&quot;}\" data-widget_type=\"heading.default\">\n\t\t\t\t<div class=\"elementor-widget-container\">\n\t\t\t<h2 class=\"elementor-heading-title elementor-size-default\">Faites plaisir \u00e0 vos proches<\/h2>\t\t<\/div>\n\t\t\t\t<\/div>\n\t\t\t\t<div class=\"elementor-element elementor-element-2150e15 animated-slow elementor-widget-divider--view-line elementor-invisible elementor-widget elementor-widget-divider\" data-id=\"2150e15\" data-element_type=\"widget\" data-settings=\"{&quot;_animation&quot;:&quot;fadeInLeft&quot;,&quot;_animation_delay&quot;:300,&quot;_animation_mobile&quot;:&quot;none&quot;}\" data-widget_type=\"divider.default\">\n\t\t\t\t<div class=\"elementor-widget-container\">\n\t\t\t<style>\/*! elementor - v3.13.2 - 11-05-2023 *\/\n.elementor-widget-divider{--divider-border-style:none;--divider-border-width:1px;--divider-color:#0c0d0e;--divider-icon-size:20px;--divider-element-spacing:10px;--divider-pattern-height:24px;--divider-pattern-size:20px;--divider-pattern-url:none;--divider-pattern-repeat:repeat-x}.elementor-widget-divider .elementor-divider{display:flex}.elementor-widget-divider .elementor-divider__text{font-size:15px;line-height:1;max-width:95%}.elementor-widget-divider .elementor-divider__element{margin:0 var(--divider-element-spacing);flex-shrink:0}.elementor-widget-divider .elementor-icon{font-size:var(--divider-icon-size)}.elementor-widget-divider .elementor-divider-separator{display:flex;margin:0;direction:ltr}.elementor-widget-divider--view-line_icon .elementor-divider-separator,.elementor-widget-divider--view-line_text .elementor-divider-separator{align-items:center}.elementor-widget-divider--view-line_icon .elementor-divider-separator:after,.elementor-widget-divider--view-line_icon .elementor-divider-separator:before,.elementor-widget-divider--view-line_text .elementor-divider-separator:after,.elementor-widget-divider--view-line_text .elementor-divider-separator:before{display:block;content:\"\";border-bottom:0;flex-grow:1;border-top:var(--divider-border-width) var(--divider-border-style) var(--divider-color)}.elementor-widget-divider--element-align-left .elementor-divider .elementor-divider-separator>.elementor-divider__svg:first-of-type{flex-grow:0;flex-shrink:100}.elementor-widget-divider--element-align-left .elementor-divider-separator:before{content:none}.elementor-widget-divider--element-align-left .elementor-divider__element{margin-left:0}.elementor-widget-divider--element-align-right .elementor-divider .elementor-divider-separator>.elementor-divider__svg:last-of-type{flex-grow:0;flex-shrink:100}.elementor-widget-divider--element-align-right .elementor-divider-separator:after{content:none}.elementor-widget-divider--element-align-right .elementor-divider__element{margin-right:0}.elementor-widget-divider:not(.elementor-widget-divider--view-line_text):not(.elementor-widget-divider--view-line_icon) .elementor-divider-separator{border-top:var(--divider-border-width) var(--divider-border-style) var(--divider-color)}.elementor-widget-divider--separator-type-pattern{--divider-border-style:none}.elementor-widget-divider--separator-type-pattern.elementor-widget-divider--view-line .elementor-divider-separator,.elementor-widget-divider--separator-type-pattern:not(.elementor-widget-divider--view-line) .elementor-divider-separator:after,.elementor-widget-divider--separator-type-pattern:not(.elementor-widget-divider--view-line) .elementor-divider-separator:before,.elementor-widget-divider--separator-type-pattern:not([class*=elementor-widget-divider--view]) .elementor-divider-separator{width:100%;min-height:var(--divider-pattern-height);-webkit-mask-size:var(--divider-pattern-size) 100%;mask-size:var(--divider-pattern-size) 100%;-webkit-mask-repeat:var(--divider-pattern-repeat);mask-repeat:var(--divider-pattern-repeat);background-color:var(--divider-color);-webkit-mask-image:var(--divider-pattern-url);mask-image:var(--divider-pattern-url)}.elementor-widget-divider--no-spacing{--divider-pattern-size:auto}.elementor-widget-divider--bg-round{--divider-pattern-repeat:round}.rtl .elementor-widget-divider .elementor-divider__text{direction:rtl}.e-con-inner>.elementor-widget-divider,.e-con>.elementor-widget-divider{width:var(--container-widget-width,100%);--flex-grow:var(--container-widget-flex-grow)}<\/style>\t\t<div class=\"elementor-divider\">\n\t\t\t<span class=\"elementor-divider-separator\">\n\t\t\t\t\t\t<\/span>\n\t\t<\/div>\n\t\t\t\t<\/div>\n\t\t\t\t<\/div>\n\t\t\t\t<div class=\"elementor-element elementor-element-34a0ffa animated-slow elementor-invisible elementor-widget elementor-widget-text-editor\" data-id=\"34a0ffa\" data-element_type=\"widget\" data-settings=\"{&quot;_animation&quot;:&quot;fadeIn&quot;,&quot;_animation_delay&quot;:200,&quot;_animation_mobile&quot;:&quot;none&quot;}\" data-widget_type=\"text-editor.default\">\n\t\t\t\t<div class=\"elementor-widget-container\">\n\t\t\t<style>\/*! elementor - v3.13.2 - 11-05-2023 *\/\n.elementor-widget-text-editor.elementor-drop-cap-view-stacked .elementor-drop-cap{background-color:#69727d;color:#fff}.elementor-widget-text-editor.elementor-drop-cap-view-framed .elementor-drop-cap{color:#69727d;border:3px solid;background-color:transparent}.elementor-widget-text-editor:not(.elementor-drop-cap-view-default) .elementor-drop-cap{margin-top:8px}.elementor-widget-text-editor:not(.elementor-drop-cap-view-default) .elementor-drop-cap-letter{width:1em;height:1em}.elementor-widget-text-editor .elementor-drop-cap{float:left;text-align:center;line-height:1;font-size:50px}.elementor-widget-text-editor .elementor-drop-cap-letter{display:inline-block}<\/style>\t\t\t\t<p>Envie de faire d\u00e9couvrir \u00c9pic\u00e9a \u00e0 un proche?&nbsp;<\/p><p>Nous vous proposons d&rsquo;offrir une carte cadeau \u00c9pic\u00e9a dont vous pouvez choisir librement un montant pr\u00e9cis ou une formule avec le menu, les boissons ou autres.<\/p>\n<p>Pour obtenir votre carte cadeau, vous pouvez venir directement au restaurant \u00c9pic\u00e9a, pour l&rsquo;\u00e9diter ensemble et la r\u00e9cup\u00e9rer directement.&nbsp;<\/p>\n<p>S&rsquo;il ne vous est pas possible de vous rendre au restaurant, vous pouvez nous faire une demande de bon cadeau au mail suivant:&nbsp;<span style=\"background-color: rgb(235, 243, 228); color: rgb(32, 89, 32); font-family: &quot;Scope One&quot;, sans-serif; font-size: 18px; font-style: normal; font-variant-ligatures: normal; font-variant-caps: normal; font-weight: 300; letter-spacing: -0.8px; text-align: start;\">contact@restaurant-epicea.fr<\/span><\/p>\n<p><span style=\"background-color: rgb(235, 243, 228); color: rgb(32, 89, 32); font-family: &quot;Scope One&quot;, sans-serif; font-size: 18px; font-style: normal; font-variant-ligatures: normal; font-variant-caps: normal; font-weight: 300; letter-spacing: -0.8px; text-align: start;\"><br><\/span><\/p>\t\t\t\t\t\t<\/div>\n\t\t\t\t<\/div>\n\t\t\t\t<\/div>\n\t\t\t\t<\/div>\n\t\t\t\t\t\t\t<\/div>\n\t\t","protected":false},"excerpt":{"rendered":"<p>OFFRIR Faites plaisir \u00e0 vos proches Envie de faire d\u00e9couvrir \u00c9pic\u00e9a \u00e0 un proche?&nbsp; Nous vous proposons d&rsquo;offrir une carte cadeau \u00c9pic\u00e9a dont vous pouvez choisir librement un montant pr\u00e9cis ou une formule avec le menu, les boissons ou autres. Pour obtenir votre carte cadeau, vous pouvez venir directement au restaurant \u00c9pic\u00e9a, pour l&rsquo;\u00e9diter ensemble [&hellip;]<\/p>\n","protected":false},"author":1,"featured_media":0,"parent":0,"menu_order":0,"comment_status":"closed","ping_status":"closed","template":"elementor_header_footer","meta":{"_monsterinsights_skip_tracking":false,"_monsterinsights_sitenote_active":false,"_monsterinsights_sitenote_note":"","_monsterinsights_sitenote_category":0,"footnotes":""},"class_list":["post-2118","page","type-page","status-publish","hentry","entry"],"aioseo_notices":[],"_links":{"self":[{"href":"https:\/\/restaurant-epicea.fr\/index.php\/wp-json\/wp\/v2\/pages\/2118","targetHints":{"allow":["GET"]}}],"collection":[{"href":"https:\/\/restaurant-epicea.fr\/index.php\/wp-json\/wp\/v2\/pages"}],"about":[{"href":"https:\/\/restaurant-epicea.fr\/index.php\/wp-json\/wp\/v2\/types\/page"}],"author":[{"embeddable":true,"href":"https:\/\/restaurant-epicea.fr\/index.php\/wp-json\/wp\/v2\/users\/1"}],"replies":[{"embeddable":true,"href":"https:\/\/restaurant-epicea.fr\/index.php\/wp-json\/wp\/v2\/comments?post=2118"}],"version-history":[{"count":13,"href":"https:\/\/restaurant-epicea.fr\/index.php\/wp-json\/wp\/v2\/pages\/2118\/revisions"}],"predecessor-version":[{"id":2293,"href":"https:\/\/restaurant-epicea.fr\/index.php\/wp-json\/wp\/v2\/pages\/2118\/revisions\/2293"}],"wp:attachment":[{"href":"https:\/\/restaurant-epicea.fr\/index.php\/wp-json\/wp\/v2\/media?parent=2118"}],"curies":[{"name":"wp","href":"https:\/\/api.w.org\/{rel}","templated":true}]}}